{"id":121,"date":"2025-12-23T10:07:35","date_gmt":"2025-12-23T10:07:35","guid":{"rendered":"https:\/\/neqcert.com\/?page_id=121"},"modified":"2026-01-10T22:06:16","modified_gmt":"2026-01-10T22:06:16","slug":"compliance-tjanster","status":"publish","type":"page","link":"https:\/\/neqcert.com\/en\/compliance-tjanster\/","title":{"rendered":"Our compliance services"},"content":{"rendered":"<div class=\"wp-block-group alignfull is-style-ext-preset--group--natural-1--section has-background-background-color has-background has-global-padding is-layout-constrained wp-container-core-group-is-layout-f72f1611 wp-block-group-is-layout-constrained\" style=\"margin-top:0;margin-bottom:0;padding-top:var(--wp--preset--spacing--70);padding-bottom:var(--wp--preset--spacing--70)\">\n<div class=\"wp-block-group alignwide is-vertical is-content-justification-center is-layout-flex wp-container-core-group-is-layout-c9ee0c5a wp-block-group-is-layout-flex\">\n<div class=\"wp-block-group has-global-padding is-layout-constrained wp-container-core-group-is-layout-5e05634a wp-block-group-is-layout-constrained\">\n<h2 class=\"wp-block-heading has-text-align-center\">Our compliance services<\/h2>\n\n\n\n<p class=\"has-text-align-center\">Neqcert offers services aimed at providing organisations and their stakeholders with an independent assessment of current status and maturity in relation to standards and regulations.<\/p>\n\n\n\n<p class=\"has-text-align-center\">These services can be used regardless of whether the organisation intends to certify or not.<\/p>\n<\/div>\n<\/div>\n<\/div>\n\n\n\n<div class=\"wp-block-group alignfull is-style-ext-preset--group--natural-1--section has-tertiary-background-color has-background has-global-padding is-layout-constrained wp-container-core-group-is-layout-e955bbaf wp-block-group-is-layout-constrained\" style=\"margin-top:0;margin-bottom:0;padding-top:var(--wp--preset--spacing--70);padding-bottom:var(--wp--preset--spacing--70)\">\n<div class=\"wp-block-columns alignwide is-layout-flex wp-container-core-columns-is-layout-28f84493 wp-block-columns-is-layout-flex\">\n<div class=\"wp-block-column has-background-background-color has-background is-layout-flow wp-container-core-column-is-layout-8f6c3922 wp-block-column-is-layout-flow\" style=\"border-radius:1.5rem;padding-top:1.5rem;padding-right:1.5rem;padding-bottom:1.5rem;padding-left:1.5rem\">\n<h2 class=\"wp-block-heading\">Gap analysis<\/h2>\n\n\n\n<p>A gap analysis is a structured review of the organisation's current working practices in relation to the requirements of a standard or regulation. The result is an objective and clear picture of what is being met and what remains to be done to achieve compliance.<\/p>\n\n\n\n<p>The gap analysis contributes to a faster path to compliance by making it clear what work remains to be done.<\/p>\n\n\n\n<p>You will receive a summary report showing the current state of the organisation and making it clear what remains to be done.<\/p>\n\n\n\n<p>Scope of the programme<\/p>\n\n\n\n<p>Gap analysis can be conducted against, among others:<\/p>\n\n\n\n<p>- ISO 9001 - Quality management <br>- ISO 14001 - Environmental management <br>- ISO 45001 - Occupational health and safety <br>- ISO 27001 - Information security <br>- NIS2 - Cybersecurity and governance <br>- GDPR - Data protection and personal data<br>- Sustainability in the supply chain<\/p>\n\n\n\n<p>What is included<\/p>\n\n\n\n<p>- Review of relevant requirements in standards or regulations <br>- Interviews and document review <br>- Assessment of current situation and maturity <br>- Identification of gaps in relation to requirements <br>- Summary report with clear structure<\/p>\n\n\n\n<p>The report describes which requirements are not met or only partially met.<\/p>\n\n\n\n<p>When is gap analysis valuable<\/p>\n\n\n\n<p>- Facing the decision to move towards certification <br>- As a basis for planning a project to fulfil standards or requirements<br>- To assess maturity in relation to new regulations <br>- As an internal basis for management and board decisions<\/p>\n\n\n\n<div class=\"wp-block-buttons is-layout-flex wp-block-buttons-is-layout-flex\">\n<div class=\"wp-block-button\"><a class=\"wp-block-button__link wp-element-button\" href=\"https:\/\/neqcert.com\/kontakt\/\">Contact us<\/a><\/div>\n<\/div>\n<\/div>\n\n\n\n<div class=\"wp-block-column has-background-background-color has-background is-layout-flow wp-container-core-column-is-layout-8f6c3922 wp-block-column-is-layout-flow\" style=\"border-radius:1.5rem;padding-top:1.5rem;padding-right:1.5rem;padding-bottom:1.5rem;padding-left:1.5rem\">\n<h2 class=\"wp-block-heading\">Supplier audit<\/h2>\n\n\n\n<p>Neqcert also offers independent audits of our clients' suppliers and partners. The purpose is to provide an objective and reliable assessment of how well your suppliers fulfil defined requirements.<\/p>\n\n\n\n<p>The audit can be carried out as a stand-alone activity or as part of the organisation's work on supplier governance and risk management.<\/p>\n\n\n\n<p>Scope of the programme<\/p>\n\n\n\n<p>Supplier audit can be conducted against:<\/p>\n\n\n\n<p>- Contractual and customer-specific requirements<\/p>\n\n\n\n<p>- Requirements of ISO standards (e.g. 9001, 14001, 27001) <br>- Information security and data protection requirements <br>- Requirements related to NIS2 and supplier risks<br>- Sustainability requirements in the supply chain<\/p>\n\n\n\n<p>What is included<\/p>\n\n\n\n<p>- Review of the supplier's governance and practices <br>- Assessment against agreed requirements and criteria <br>- Document review and interviews and site visits if necessary <br>- Summary report with observations and anomalies<\/p>\n\n\n\n<p>The results are presented in a factual and structured report, which can be used as a basis for risk assessment, monitoring or decision-making.<\/p>\n\n\n\n<p>When to use supplier audit<\/p>\n\n\n\n<p>- To fulfil supplier assessment requirements in various standards and regulations<br>- When choosing a new supplier <br>- As part of ongoing supplier monitoring <br>- If required by customers or authorities <br>- To support risk and safety assessments<\/p>\n\n\n\n<div class=\"wp-block-buttons is-layout-flex wp-block-buttons-is-layout-flex\">\n<div class=\"wp-block-button\"><a class=\"wp-block-button__link wp-element-button\" href=\"https:\/\/neqcert.com\/kontakt\/\">Contact us<\/a><\/div>\n<\/div>\n<\/div>\n<\/div>\n\n\n\n<div class=\"wp-block-columns alignwide is-layout-flex wp-container-core-columns-is-layout-28f84493 wp-block-columns-is-layout-flex\">\n<div class=\"wp-block-column is-layout-flow wp-block-column-is-layout-flow\">\n<p><\/p>\n\n\n\n<h2 class=\"wp-block-heading\">Get a free quote!<\/h2>\n\n\n\n<p>Fill in the form and we will get back to you shortly!<\/p>\n\n\n<div class=\"wpforms-container wpforms-block wpforms-block-b0606aae-565a-4e49-bb07-0f73d8386648 wpforms-render-modern\" id=\"wpforms-12\"><form id=\"wpforms-form-12\" class=\"wpforms-validate wpforms-form wpforms-ajax-form\" data-formid=\"12\" method=\"post\" enctype=\"multipart\/form-data\" action=\"\/en\/wp-json\/wp\/v2\/pages\/121\" data-token=\"755c5df706c94f63e7cb5a95a31ce00f\" data-token-time=\"1776618849\" data-trp-original-action=\"\/en\/wp-json\/wp\/v2\/pages\/121\"><noscript class=\"wpforms-error-noscript\">Please enable JavaScript in your browser to complete this form.<\/noscript><div id=\"wpforms-error-noscript\" style=\"display: none;\">Please enable JavaScript in your browser to complete this form.<\/div><div class=\"wpforms-field-container\"><div id=\"wpforms-12-field_1-container\" class=\"wpforms-field wpforms-field-name\" data-field-id=\"1\"><label class=\"wpforms-field-label\" for=\"wpforms-12-field_1\">Name of the organisation <span class=\"wpforms-required-label\" aria-hidden=\"true\">*<\/span><\/label><input type=\"text\" id=\"wpforms-12-field_1\" class=\"wpforms-field-large wpforms-field-required\" name=\"wpforms[fields][1]\" aria-errormessage=\"wpforms-12-field_1-error\" required><\/div>\t\t<div id=\"wpforms-12-field_5-container\"\n\t\t\tclass=\"wpforms-field wpforms-field-text\"\n\t\t\tdata-field-type=\"text\"\n\t\t\tdata-field-id=\"5\"\n\t\t\t>\n\t\t\t<label class=\"wpforms-field-label\" for=\"wpforms-12-field_5\" >Message Subject E-mail<\/label>\n\t\t\t<input type=\"text\" id=\"wpforms-12-field_5\" class=\"wpforms-field-medium\" name=\"wpforms[fields][5]\" >\n\t\t<\/div>\n\t\t<div id=\"wpforms-12-field_2-container\" class=\"wpforms-field wpforms-field-email\" data-field-id=\"2\"><label class=\"wpforms-field-label\" for=\"wpforms-12-field_2\">E-mail address <span class=\"wpforms-required-label\" aria-hidden=\"true\">*<\/span><\/label><input type=\"email\" id=\"wpforms-12-field_2\" class=\"wpforms-field-large wpforms-field-required\" name=\"wpforms[fields][2]\" spellcheck=\"false\" aria-errormessage=\"wpforms-12-field_2-error\" required><\/div><div id=\"wpforms-12-field_3-container\" class=\"wpforms-field wpforms-field-text\" data-field-id=\"3\"><label class=\"wpforms-field-label\" for=\"wpforms-12-field_3\">Subject<\/label><input type=\"text\" id=\"wpforms-12-field_3\" class=\"wpforms-field-large\" name=\"wpforms[fields][3]\" aria-errormessage=\"wpforms-12-field_3-error\" ><\/div><div id=\"wpforms-12-field_4-container\" class=\"wpforms-field wpforms-field-textarea\" data-field-id=\"4\"><label class=\"wpforms-field-label\" for=\"wpforms-12-field_4\">Notification <span class=\"wpforms-required-label\" aria-hidden=\"true\">*<\/span><\/label><textarea id=\"wpforms-12-field_4\" class=\"wpforms-field-large wpforms-field-required\" name=\"wpforms[fields][4]\" aria-errormessage=\"wpforms-12-field_4-error\" required><\/textarea><\/div><script>\n\t\t\t\t( function() {\n\t\t\t\t\tconst style = document.createElement( 'style' );\n\t\t\t\t\tstyle.appendChild( document.createTextNode( '#wpforms-12-field_5-container { position: absolute !important; overflow: hidden !important; display: inline !important; height: 1px !important; width: 1px !important; z-index: -1000 !important; padding: 0 !important; } #wpforms-12-field_5-container input { visibility: hidden; } #wpforms-conversational-form-page #wpforms-12-field_5-container label { counter-increment: none; }' ) );\n\t\t\t\t\tdocument.head.appendChild( style );\n\t\t\t\t\tdocument.currentScript?.remove();\n\t\t\t\t} )();\n\t\t\t<\/script><\/div><!-- .wpforms-field-container --><div class=\"wpforms-submit-container\" ><input type=\"hidden\" name=\"wpforms[id]\" value=\"12\"><input type=\"hidden\" name=\"page_title\" value=\"\"><input type=\"hidden\" name=\"page_url\" value=\"https:\/\/neqcert.com\/en\/wp-json\/wp\/v2\/pages\/121\"><input type=\"hidden\" name=\"url_referer\" value=\"\"><button type=\"submit\" name=\"wpforms[submit]\" id=\"wpforms-submit-12\" class=\"wpforms-submit\" data-alt-text=\"Skickar \u2026\" data-submit-text=\"Skicka\" aria-live=\"assertive\" value=\"wpforms-submit\">Submit<\/button><img loading=\"lazy\" decoding=\"async\" src=\"https:\/\/neqcert.com\/wp-content\/plugins\/wpforms-lite\/assets\/images\/submit-spin.svg\" class=\"wpforms-submit-spinner\" style=\"display: none;\" width=\"26\" height=\"26\" alt=\"Loading\"><\/div><input type=\"hidden\" name=\"trp-form-language\" value=\"en\"\/><\/form><\/div>  <!-- .wpforms-container --><\/div>\n<\/div>\n<\/div>","protected":false},"excerpt":{"rendered":"<p>V\u00e5ra Compliance tj\u00e4nster Neqcert erbjuder tj\u00e4nster som syftar till att ge organisationer och deras intressenter en oberoende bed\u00f6mning av nul\u00e4ge och mognad i f\u00f6rh\u00e5llande till standarder och regelverk. Dessa tj\u00e4nster kan anv\u00e4ndas oavsett om organisationen avser att certifiera sig eller inte. Gap-analys En gap-analys \u00e4r en strukturerad genomg\u00e5ng av organisationens nuvarande arbetss\u00e4tt i f\u00f6rh\u00e5llande till [&hellip;]<\/p>","protected":false},"author":1,"featured_media":0,"parent":0,"menu_order":0,"comment_status":"closed","ping_status":"closed","template":"page-with-title","meta":{"footnotes":""},"class_list":["post-121","page","type-page","status-publish","hentry"],"aioseo_notices":[],"_links":{"self":[{"href":"https:\/\/neqcert.com\/en\/wp-json\/wp\/v2\/pages\/121","targetHints":{"allow":["GET"]}}],"collection":[{"href":"https:\/\/neqcert.com\/en\/wp-json\/wp\/v2\/pages"}],"about":[{"href":"https:\/\/neqcert.com\/en\/wp-json\/wp\/v2\/types\/page"}],"author":[{"embeddable":true,"href":"https:\/\/neqcert.com\/en\/wp-json\/wp\/v2\/users\/1"}],"replies":[{"embeddable":true,"href":"https:\/\/neqcert.com\/en\/wp-json\/wp\/v2\/comments?post=121"}],"version-history":[{"count":14,"href":"https:\/\/neqcert.com\/en\/wp-json\/wp\/v2\/pages\/121\/revisions"}],"predecessor-version":[{"id":255,"href":"https:\/\/neqcert.com\/en\/wp-json\/wp\/v2\/pages\/121\/revisions\/255"}],"wp:attachment":[{"href":"https:\/\/neqcert.com\/en\/wp-json\/wp\/v2\/media?parent=121"}],"curies":[{"name":"wp","href":"https:\/\/api.w.org\/{rel}","templated":true}]}}