{"id":121,"date":"2025-12-23T10:07:35","date_gmt":"2025-12-23T10:07:35","guid":{"rendered":"https:\/\/neqcert.com\/?page_id=121"},"modified":"2026-01-10T22:06:16","modified_gmt":"2026-01-10T22:06:16","slug":"compliance-tjanster","status":"publish","type":"page","link":"https:\/\/neqcert.com\/fi\/noudattaminen-tjanster\/","title":{"rendered":"Compliance-palvelumme"},"content":{"rendered":"<div class=\"wp-block-group alignfull is-style-ext-preset--group--natural-1--section has-background-background-color has-background has-global-padding is-layout-constrained wp-container-core-group-is-layout-f72f1611 wp-block-group-is-layout-constrained\" style=\"margin-top:0;margin-bottom:0;padding-top:var(--wp--preset--spacing--70);padding-bottom:var(--wp--preset--spacing--70)\">\n<div class=\"wp-block-group alignwide is-vertical is-content-justification-center is-layout-flex wp-container-core-group-is-layout-c9ee0c5a wp-block-group-is-layout-flex\">\n<div class=\"wp-block-group has-global-padding is-layout-constrained wp-container-core-group-is-layout-5e05634a wp-block-group-is-layout-constrained\">\n<h2 class=\"wp-block-heading has-text-align-center\">Compliance-palvelumme<\/h2>\n\n\n\n<p class=\"has-text-align-center\">Neqcert tarjoaa palveluja, joiden tarkoituksena on tarjota organisaatioille ja niiden sidosryhmille riippumaton arvio standardien ja s\u00e4\u00e4nn\u00f6sten nykytilasta ja kypsyydest\u00e4.<\/p>\n\n\n\n<p class=\"has-text-align-center\">N\u00e4it\u00e4 palveluja voidaan k\u00e4ytt\u00e4\u00e4 riippumatta siit\u00e4, aikooko organisaatio sertifioida vai ei.<\/p>\n<\/div>\n<\/div>\n<\/div>\n\n\n\n<div class=\"wp-block-group alignfull is-style-ext-preset--group--natural-1--section has-tertiary-background-color has-background has-global-padding is-layout-constrained wp-container-core-group-is-layout-e955bbaf wp-block-group-is-layout-constrained\" style=\"margin-top:0;margin-bottom:0;padding-top:var(--wp--preset--spacing--70);padding-bottom:var(--wp--preset--spacing--70)\">\n<div class=\"wp-block-columns alignwide is-layout-flex wp-container-core-columns-is-layout-28f84493 wp-block-columns-is-layout-flex\">\n<div class=\"wp-block-column has-background-background-color has-background is-layout-flow wp-container-core-column-is-layout-8f6c3922 wp-block-column-is-layout-flow\" style=\"border-radius:1.5rem;padding-top:1.5rem;padding-right:1.5rem;padding-bottom:1.5rem;padding-left:1.5rem\">\n<h2 class=\"wp-block-heading\">Aukkoanalyysi<\/h2>\n\n\n\n<p>Puuteanalyysi on organisaation nykyisten toimintatapojen j\u00e4sennelty tarkastelu suhteessa standardin tai asetuksen vaatimuksiin. Tuloksena on objektiivinen ja selke\u00e4 kuva siit\u00e4, mit\u00e4 vaatimuksia noudatetaan ja mit\u00e4 on viel\u00e4 teht\u00e4v\u00e4 vaatimustenmukaisuuden saavuttamiseksi.<\/p>\n\n\n\n<p>Puuteanalyysi auttaa nopeuttamaan vaatimustenmukaisuuden saavuttamista, koska se tekee selv\u00e4ksi, mit\u00e4 ty\u00f6t\u00e4 on viel\u00e4 teht\u00e4v\u00e4.<\/p>\n\n\n\n<p>Saat yhteenvetoraportin, josta k\u00e4y ilmi organisaatiosi nykytilanne ja josta selvi\u00e4\u00e4, mit\u00e4 on viel\u00e4 teht\u00e4v\u00e4.<\/p>\n\n\n\n<p>Ohjelman soveltamisala<\/p>\n\n\n\n<p>Puuteanalyysi voidaan tehd\u00e4 muun muassa seuraaviin tekij\u00f6ihin n\u00e4hden:<\/p>\n\n\n\n<p>- ISO 9001 - Laadunhallinta <br>- ISO 14001 - Ymp\u00e4rist\u00f6asioiden hallinta <br>- ISO 45001 - Ty\u00f6terveys ja -turvallisuus <br>- ISO 27001 - Tietoturva <br>- NIS2 - Kyberturvallisuus ja hallinnointi <br>- GDPR - Tietosuoja ja henkil\u00f6tiedot<br>- Kest\u00e4v\u00e4 kehitys toimitusketjussa<\/p>\n\n\n\n<p>Mit\u00e4 sis\u00e4ltyy<\/p>\n\n\n\n<p>- Standardien tai asetusten asiaa koskevien vaatimusten tarkastelu <br>- Haastattelut ja asiakirjojen tarkastelu <br>- Nykytilanteen ja kypsyyden arviointi <br>- Vaatimuksiin liittyvien puutteiden tunnistaminen <br>- Tiivistelm\u00e4raportti, jossa on selke\u00e4 rakenne<\/p>\n\n\n\n<p>Raportissa kuvataan, mitk\u00e4 vaatimukset eiv\u00e4t t\u00e4yty tai t\u00e4yttyv\u00e4t vain osittain.<\/p>\n\n\n\n<p>Milloin kuiluanalyysi on arvokas<\/p>\n\n\n\n<p>- P\u00e4\u00e4t\u00f6s siirty\u00e4 sertifiointiin <br>- Pohjana hankkeen suunnittelulle standardien tai vaatimusten t\u00e4ytt\u00e4miseksi.<br>- Arvioidaan kypsyytt\u00e4 suhteessa uusiin asetuksiin. <br>- Johdon ja hallituksen p\u00e4\u00e4t\u00f6sten sis\u00e4isen\u00e4 perustana<\/p>\n\n\n\n<div class=\"wp-block-buttons is-layout-flex wp-block-buttons-is-layout-flex\">\n<div class=\"wp-block-button\"><a class=\"wp-block-button__link wp-element-button\" href=\"https:\/\/neqcert.com\/kontakt\/\">Ota yhteytt\u00e4<\/a><\/div>\n<\/div>\n<\/div>\n\n\n\n<div class=\"wp-block-column has-background-background-color has-background is-layout-flow wp-container-core-column-is-layout-8f6c3922 wp-block-column-is-layout-flow\" style=\"border-radius:1.5rem;padding-top:1.5rem;padding-right:1.5rem;padding-bottom:1.5rem;padding-left:1.5rem\">\n<h2 class=\"wp-block-heading\">Toimittajan tarkastus<\/h2>\n\n\n\n<p>Neqcert tarjoaa my\u00f6s riippumattomia auditointeja asiakkaidemme toimittajille ja yhteisty\u00f6kumppaneille. Tarkoituksena on antaa objektiivinen ja luotettava arvio siit\u00e4, miten hyvin toimittajasi t\u00e4ytt\u00e4v\u00e4t m\u00e4\u00e4ritellyt vaatimukset.<\/p>\n\n\n\n<p>Auditointi voidaan suorittaa erillisen\u00e4 toimintana tai osana organisaation toimittajien hallintoa ja riskienhallintaa koskevaa ty\u00f6t\u00e4.<\/p>\n\n\n\n<p>Ohjelman soveltamisala<\/p>\n\n\n\n<p>Toimittajan auditointi voidaan suorittaa:<\/p>\n\n\n\n<p>- Sopimusperusteiset ja asiakaskohtaiset vaatimukset<\/p>\n\n\n\n<p>- ISO-standardien vaatimukset (esim. 9001, 14001, 27001). <br>- Tietoturva- ja tietosuojavaatimukset <br>- NIS2:een ja toimittajiin liittyviin riskeihin liittyv\u00e4t vaatimukset<br>- Kest\u00e4v\u00e4n kehityksen vaatimukset toimitusketjussa<\/p>\n\n\n\n<p>Mit\u00e4 sis\u00e4ltyy<\/p>\n\n\n\n<p>- Toimittajan hallintotavan ja k\u00e4yt\u00e4nt\u00f6jen tarkastelu <br>- Arviointi sovittujen vaatimusten ja kriteerien perusteella <br>- Asiakirjojen tarkastelu ja haastattelut sek\u00e4 tarvittaessa tarkastusk\u00e4ynnit paikan p\u00e4\u00e4ll\u00e4. <br>- Yhteenvetoraportti havainnoista ja poikkeamista<\/p>\n\n\n\n<p>Tulokset esitet\u00e4\u00e4n asiallisessa ja j\u00e4sennellyss\u00e4 raportissa, jota voidaan k\u00e4ytt\u00e4\u00e4 riskinarvioinnin, seurannan tai p\u00e4\u00e4t\u00f6ksenteon perustana.<\/p>\n\n\n\n<p>Milloin toimittajan auditointia kannattaa k\u00e4ytt\u00e4\u00e4<\/p>\n\n\n\n<p>- T\u00e4ytt\u00e4\u00e4 eri standardien ja asetusten mukaiset toimittajien arviointivaatimukset.<br>- Uutta toimittajaa valittaessa <br>- Osana jatkuvaa toimittajien seurantaa <br>- Asiakkaiden tai viranomaisten niin vaatiessa <br>- Riski- ja turvallisuusarviointien tukeminen<\/p>\n\n\n\n<div class=\"wp-block-buttons is-layout-flex wp-block-buttons-is-layout-flex\">\n<div class=\"wp-block-button\"><a class=\"wp-block-button__link wp-element-button\" href=\"https:\/\/neqcert.com\/kontakt\/\">Ota yhteytt\u00e4<\/a><\/div>\n<\/div>\n<\/div>\n<\/div>\n\n\n\n<div class=\"wp-block-columns alignwide is-layout-flex wp-container-core-columns-is-layout-28f84493 wp-block-columns-is-layout-flex\">\n<div class=\"wp-block-column is-layout-flow wp-block-column-is-layout-flow\">\n<p><\/p>\n\n\n\n<h2 class=\"wp-block-heading\">Pyyd\u00e4 ilmainen tarjous!<\/h2>\n\n\n\n<p>T\u00e4yt\u00e4 lomake ja otamme sinuun yhteytt\u00e4 pian!<\/p>\n\n\n<div class=\"wpforms-container wpforms-block wpforms-block-b0606aae-565a-4e49-bb07-0f73d8386648 wpforms-render-modern\" id=\"wpforms-12\"><form id=\"wpforms-form-12\" class=\"wpforms-validate wpforms-form wpforms-ajax-form\" data-formid=\"12\" method=\"post\" enctype=\"multipart\/form-data\" action=\"\/fi\/wp-json\/wp\/v2\/pages\/121\" data-token=\"755c5df706c94f63e7cb5a95a31ce00f\" data-token-time=\"1776619302\" data-trp-original-action=\"\/fi\/wp-json\/wp\/v2\/pages\/121\"><noscript class=\"wpforms-error-noscript\">Ota JavaScript k\u00e4ytt\u00f6\u00f6n selaimessasi t\u00e4ytt\u00e4\u00e4ksesi t\u00e4m\u00e4n lomakkeen.<\/noscript><div id=\"wpforms-error-noscript\" style=\"display: none;\">Ota JavaScript k\u00e4ytt\u00f6\u00f6n selaimessasi t\u00e4ytt\u00e4\u00e4ksesi t\u00e4m\u00e4n lomakkeen.<\/div><div class=\"wpforms-field-container\"><div id=\"wpforms-12-field_1-container\" class=\"wpforms-field wpforms-field-name\" data-field-id=\"1\"><label class=\"wpforms-field-label\" for=\"wpforms-12-field_1\">Organisaation nimi <span class=\"wpforms-required-label\" aria-hidden=\"true\">*<\/span><\/label><input type=\"text\" id=\"wpforms-12-field_1\" class=\"wpforms-field-large wpforms-field-required\" name=\"wpforms[fields][1]\" aria-errormessage=\"wpforms-12-field_1-error\" required><\/div>\t\t<div id=\"wpforms-12-field_5-container\"\n\t\t\tclass=\"wpforms-field wpforms-field-text\"\n\t\t\tdata-field-type=\"text\"\n\t\t\tdata-field-id=\"5\"\n\t\t\t>\n\t\t\t<label class=\"wpforms-field-label\" for=\"wpforms-12-field_5\" >Viesti S\u00e4hk\u00f6posti Aihe<\/label>\n\t\t\t<input type=\"text\" id=\"wpforms-12-field_5\" class=\"wpforms-field-medium\" name=\"wpforms[fields][5]\" >\n\t\t<\/div>\n\t\t<div id=\"wpforms-12-field_2-container\" class=\"wpforms-field wpforms-field-email\" data-field-id=\"2\"><label class=\"wpforms-field-label\" for=\"wpforms-12-field_2\">S\u00e4hk\u00f6postiosoite <span class=\"wpforms-required-label\" aria-hidden=\"true\">*<\/span><\/label><input type=\"email\" id=\"wpforms-12-field_2\" class=\"wpforms-field-large wpforms-field-required\" name=\"wpforms[fields][2]\" spellcheck=\"false\" aria-errormessage=\"wpforms-12-field_2-error\" required><\/div><div id=\"wpforms-12-field_3-container\" class=\"wpforms-field wpforms-field-text\" data-field-id=\"3\"><label class=\"wpforms-field-label\" for=\"wpforms-12-field_3\">Aihe<\/label><input type=\"text\" id=\"wpforms-12-field_3\" class=\"wpforms-field-large\" name=\"wpforms[fields][3]\" aria-errormessage=\"wpforms-12-field_3-error\" ><\/div><div id=\"wpforms-12-field_4-container\" class=\"wpforms-field wpforms-field-textarea\" data-field-id=\"4\"><label class=\"wpforms-field-label\" for=\"wpforms-12-field_4\">Ilmoitus <span class=\"wpforms-required-label\" aria-hidden=\"true\">*<\/span><\/label><textarea id=\"wpforms-12-field_4\" class=\"wpforms-field-large wpforms-field-required\" name=\"wpforms[fields][4]\" aria-errormessage=\"wpforms-12-field_4-error\" required><\/textarea><\/div><script>\n\t\t\t\t( function() {\n\t\t\t\t\tconst style = document.createElement( 'style' );\n\t\t\t\t\tstyle.appendChild( document.createTextNode( '#wpforms-12-field_5-container { position: absolute !important; overflow: hidden !important; display: inline !important; height: 1px !important; width: 1px !important; z-index: -1000 !important; padding: 0 !important; } #wpforms-12-field_5-container input { visibility: hidden; } #wpforms-conversational-form-page #wpforms-12-field_5-container label { counter-increment: none; }' ) );\n\t\t\t\t\tdocument.head.appendChild( style );\n\t\t\t\t\tdocument.currentScript?.remove();\n\t\t\t\t} )();\n\t\t\t<\/script><\/div><!-- .wpforms-field-container --><div class=\"wpforms-submit-container\" ><input type=\"hidden\" name=\"wpforms[id]\" value=\"12\"><input type=\"hidden\" name=\"page_title\" value=\"\"><input type=\"hidden\" name=\"page_url\" value=\"https:\/\/neqcert.com\/fi\/wp-json\/wp\/v2\/pages\/121\"><input type=\"hidden\" name=\"url_referer\" value=\"\"><button type=\"submit\" name=\"wpforms[submit]\" id=\"wpforms-submit-12\" class=\"wpforms-submit\" data-alt-text=\"Skickar \u2026\" data-submit-text=\"Skicka\" aria-live=\"assertive\" value=\"wpforms-submit\">L\u00e4het\u00e4<\/button><img loading=\"lazy\" decoding=\"async\" src=\"https:\/\/neqcert.com\/wp-content\/plugins\/wpforms-lite\/assets\/images\/submit-spin.svg\" class=\"wpforms-submit-spinner\" style=\"display: none;\" width=\"26\" height=\"26\" alt=\"Ladataan\"><\/div><input type=\"hidden\" name=\"trp-form-language\" value=\"fi\"\/><\/form><\/div>  <!-- .wpforms-container --><\/div>\n<\/div>\n<\/div>","protected":false},"excerpt":{"rendered":"<p>V\u00e5ra Compliance tj\u00e4nster Neqcert erbjuder tj\u00e4nster som syftar till att ge organisationer och deras intressenter en oberoende bed\u00f6mning av nul\u00e4ge och mognad i f\u00f6rh\u00e5llande till standarder och regelverk. Dessa tj\u00e4nster kan anv\u00e4ndas oavsett om organisationen avser att certifiera sig eller inte. Gap-analys En gap-analys \u00e4r en strukturerad genomg\u00e5ng av organisationens nuvarande arbetss\u00e4tt i f\u00f6rh\u00e5llande till [&hellip;]<\/p>","protected":false},"author":1,"featured_media":0,"parent":0,"menu_order":0,"comment_status":"closed","ping_status":"closed","template":"page-with-title","meta":{"footnotes":""},"class_list":["post-121","page","type-page","status-publish","hentry"],"aioseo_notices":[],"_links":{"self":[{"href":"https:\/\/neqcert.com\/fi\/wp-json\/wp\/v2\/pages\/121","targetHints":{"allow":["GET"]}}],"collection":[{"href":"https:\/\/neqcert.com\/fi\/wp-json\/wp\/v2\/pages"}],"about":[{"href":"https:\/\/neqcert.com\/fi\/wp-json\/wp\/v2\/types\/page"}],"author":[{"embeddable":true,"href":"https:\/\/neqcert.com\/fi\/wp-json\/wp\/v2\/users\/1"}],"replies":[{"embeddable":true,"href":"https:\/\/neqcert.com\/fi\/wp-json\/wp\/v2\/comments?post=121"}],"version-history":[{"count":14,"href":"https:\/\/neqcert.com\/fi\/wp-json\/wp\/v2\/pages\/121\/revisions"}],"predecessor-version":[{"id":255,"href":"https:\/\/neqcert.com\/fi\/wp-json\/wp\/v2\/pages\/121\/revisions\/255"}],"wp:attachment":[{"href":"https:\/\/neqcert.com\/fi\/wp-json\/wp\/v2\/media?parent=121"}],"curies":[{"name":"wp","href":"https:\/\/api.w.org\/{rel}","templated":true}]}}