{"id":14,"date":"2025-12-09T19:16:03","date_gmt":"2025-12-09T19:16:03","guid":{"rendered":"https:\/\/neqcert.com\/om\/"},"modified":"2026-01-07T15:11:46","modified_gmt":"2026-01-07T15:11:46","slug":"om","status":"publish","type":"page","link":"https:\/\/neqcert.com\/fi\/osoitteeseen\/","title":{"rendered":"Tietoa meist\u00e4"},"content":{"rendered":"<p><\/p>\n\n\n\n<div class=\"wp-block-columns alignwide is-layout-flex wp-container-core-columns-is-layout-28f84493 wp-block-columns-is-layout-flex\">\n<div class=\"wp-block-column is-layout-flow wp-block-column-is-layout-flow\"><h2 class=\"wp-block-post-title\">Tietoa meist\u00e4<\/h2>\n\n\n<p>Stefan Heidmark perusti Neqcertin vuonna 2025 tavoitteenaan auttaa organisaatioita luomaan rakenteellisuutta, selkeytt\u00e4 ja pitk\u00e4n aikav\u00e4lin kest\u00e4vyytt\u00e4 johtamisj\u00e4rjestelmiin, vaatimustenmukaisuuteen ja hallintoon liittyv\u00e4ss\u00e4 ty\u00f6ss\u00e4\u00e4n. Yritys perustuu vankkaan kokemukseen standardien, s\u00e4\u00e4nn\u00f6sten ja k\u00e4yt\u00e4nn\u00f6n sovellusten parissa ty\u00f6skentelyst\u00e4 erityyppisiss\u00e4 organisaatioissa ja toimialoilla.<\/p>\n\n\n\n<p>Neqcert tarjoaa riippumattomia palveluja esimerkiksi puuteanalyysien, toimittajien auditointien, koulutuksen ja verkko-oppimisen alalla. Ty\u00f6 kattaa muun muassa laadun, ymp\u00e4rist\u00f6n, tietoturvan, ty\u00f6ymp\u00e4rist\u00f6n, tietosuojan ja kyberturvallisuuden. Palveluja voidaan k\u00e4ytt\u00e4\u00e4 sek\u00e4 sertifioinnin tukena ett\u00e4 v\u00e4lineen\u00e4 organisaation sis\u00e4isen hallinnon, riskienhallinnan ja vaatimustenmukaisuuden vahvistamiseksi.<\/p>\n\n\n\n<p>L\u00e4hestymistapamme on liiketoimintal\u00e4ht\u00f6inen, j\u00e4sennelty ja k\u00e4yt\u00e4nn\u00f6nl\u00e4heinen. L\u00e4hdemme aina liikkeelle organisaation todellisista tarpeista ja kypsyydest\u00e4 ja keskitymme siihen, ett\u00e4 vaatimukset ja m\u00e4\u00e4r\u00e4ykset ovat ymm\u00e4rrett\u00e4vi\u00e4, hy\u00f6dyllisi\u00e4 ja mahdollisia toteuttaa jokap\u00e4iv\u00e4isess\u00e4 el\u00e4m\u00e4ss\u00e4. Avoimella ja l\u00e4pin\u00e4kyv\u00e4ll\u00e4 yhteisty\u00f6ll\u00e4 luomme pitk\u00e4aikaisia suhteita ja kest\u00e4vi\u00e4 ratkaisuja, jotka edist\u00e4v\u00e4t turvallisuutta, laatua ja jatkuvaa parantamista.<\/p>\n<\/div>\n\n\n\n<div class=\"wp-block-column is-layout-flow wp-block-column-is-layout-flow\">\n<h2 class=\"wp-block-heading\">Pyyd\u00e4 ilmainen tarjous!<\/h2>\n\n\n<div class=\"wpforms-container wpforms-block wpforms-block-090af49b-207b-4f29-b834-65bb20651a5b wpforms-render-modern\" id=\"wpforms-12\"><form id=\"wpforms-form-12\" class=\"wpforms-validate wpforms-form wpforms-ajax-form\" data-formid=\"12\" method=\"post\" enctype=\"multipart\/form-data\" action=\"\/fi\/wp-json\/wp\/v2\/pages\/14\" data-token=\"755c5df706c94f63e7cb5a95a31ce00f\" data-token-time=\"1776618820\" data-trp-original-action=\"\/fi\/wp-json\/wp\/v2\/pages\/14\"><noscript class=\"wpforms-error-noscript\">Ota JavaScript k\u00e4ytt\u00f6\u00f6n selaimessasi t\u00e4ytt\u00e4\u00e4ksesi t\u00e4m\u00e4n lomakkeen.<\/noscript><div id=\"wpforms-error-noscript\" style=\"display: none;\">Ota JavaScript k\u00e4ytt\u00f6\u00f6n selaimessasi t\u00e4ytt\u00e4\u00e4ksesi t\u00e4m\u00e4n lomakkeen.<\/div><div class=\"wpforms-field-container\"><div id=\"wpforms-12-field_1-container\" class=\"wpforms-field wpforms-field-name\" data-field-id=\"1\"><label class=\"wpforms-field-label\" for=\"wpforms-12-field_1\">Organisaation nimi <span class=\"wpforms-required-label\" aria-hidden=\"true\">*<\/span><\/label><input type=\"text\" id=\"wpforms-12-field_1\" class=\"wpforms-field-large wpforms-field-required\" name=\"wpforms[fields][1]\" aria-errormessage=\"wpforms-12-field_1-error\" required><\/div><div id=\"wpforms-12-field_2-container\" class=\"wpforms-field wpforms-field-email\" data-field-id=\"2\"><label class=\"wpforms-field-label\" for=\"wpforms-12-field_2\">S\u00e4hk\u00f6postiosoite <span class=\"wpforms-required-label\" aria-hidden=\"true\">*<\/span><\/label><input type=\"email\" id=\"wpforms-12-field_2\" class=\"wpforms-field-large wpforms-field-required\" name=\"wpforms[fields][2]\" spellcheck=\"false\" aria-errormessage=\"wpforms-12-field_2-error\" required><\/div>\t\t<div id=\"wpforms-12-field_5-container\"\n\t\t\tclass=\"wpforms-field wpforms-field-text\"\n\t\t\tdata-field-type=\"text\"\n\t\t\tdata-field-id=\"5\"\n\t\t\t>\n\t\t\t<label class=\"wpforms-field-label\" for=\"wpforms-12-field_5\" >Viesti Nimi S\u00e4hk\u00f6posti<\/label>\n\t\t\t<input type=\"text\" id=\"wpforms-12-field_5\" class=\"wpforms-field-medium\" name=\"wpforms[fields][5]\" >\n\t\t<\/div>\n\t\t<div id=\"wpforms-12-field_3-container\" class=\"wpforms-field wpforms-field-text\" data-field-id=\"3\"><label class=\"wpforms-field-label\" for=\"wpforms-12-field_3\">Aihe<\/label><input type=\"text\" id=\"wpforms-12-field_3\" class=\"wpforms-field-large\" name=\"wpforms[fields][3]\" aria-errormessage=\"wpforms-12-field_3-error\" ><\/div><div id=\"wpforms-12-field_4-container\" class=\"wpforms-field wpforms-field-textarea\" data-field-id=\"4\"><label class=\"wpforms-field-label\" for=\"wpforms-12-field_4\">Ilmoitus <span class=\"wpforms-required-label\" aria-hidden=\"true\">*<\/span><\/label><textarea id=\"wpforms-12-field_4\" class=\"wpforms-field-large wpforms-field-required\" name=\"wpforms[fields][4]\" aria-errormessage=\"wpforms-12-field_4-error\" required><\/textarea><\/div><script>\n\t\t\t\t( function() {\n\t\t\t\t\tconst style = document.createElement( 'style' );\n\t\t\t\t\tstyle.appendChild( document.createTextNode( '#wpforms-12-field_5-container { position: absolute !important; overflow: hidden !important; display: inline !important; height: 1px !important; width: 1px !important; z-index: -1000 !important; padding: 0 !important; } #wpforms-12-field_5-container input { visibility: hidden; } #wpforms-conversational-form-page #wpforms-12-field_5-container label { counter-increment: none; }' ) );\n\t\t\t\t\tdocument.head.appendChild( style );\n\t\t\t\t\tdocument.currentScript?.remove();\n\t\t\t\t} )();\n\t\t\t<\/script><\/div><!-- .wpforms-field-container --><div class=\"wpforms-submit-container\" ><input type=\"hidden\" name=\"wpforms[id]\" value=\"12\"><input type=\"hidden\" name=\"page_title\" value=\"\"><input type=\"hidden\" name=\"page_url\" value=\"https:\/\/neqcert.com\/fi\/wp-json\/wp\/v2\/pages\/14\"><input type=\"hidden\" name=\"url_referer\" value=\"\"><button type=\"submit\" name=\"wpforms[submit]\" id=\"wpforms-submit-12\" class=\"wpforms-submit\" data-alt-text=\"Skickar \u2026\" data-submit-text=\"Skicka\" aria-live=\"assertive\" value=\"wpforms-submit\">L\u00e4het\u00e4<\/button><img loading=\"lazy\" decoding=\"async\" src=\"https:\/\/neqcert.com\/wp-content\/plugins\/wpforms-lite\/assets\/images\/submit-spin.svg\" class=\"wpforms-submit-spinner\" style=\"display: none;\" width=\"26\" height=\"26\" alt=\"Ladataan\"><\/div><input type=\"hidden\" name=\"trp-form-language\" value=\"fi\"\/><\/form><\/div>  <!-- .wpforms-container --><\/div>\n<\/div>","protected":false},"excerpt":{"rendered":"<p>Neqcert grundades 2025 av Stefan Heidmark med ambitionen att hj\u00e4lpa organisationer att skapa struktur, tydlighet och l\u00e5ngsiktig h\u00e5llbarhet i sitt arbete med ledningssystem, regelefterlevnad och styrning. Verksamheten bygger p\u00e5 gedigen erfarenhet av att arbeta med standarder, regelverk och praktisk till\u00e4mpning i olika typer av organisationer och branscher. Neqcert erbjuder oberoende tj\u00e4nster inom bland annat gap-analyser, [&hellip;]<\/p>","protected":false},"author":1,"featured_media":0,"parent":0,"menu_order":0,"comment_status":"closed","ping_status":"closed","template":"page-with-title","meta":{"footnotes":""},"class_list":["post-14","page","type-page","status-publish","hentry"],"aioseo_notices":[],"_links":{"self":[{"href":"https:\/\/neqcert.com\/fi\/wp-json\/wp\/v2\/pages\/14","targetHints":{"allow":["GET"]}}],"collection":[{"href":"https:\/\/neqcert.com\/fi\/wp-json\/wp\/v2\/pages"}],"about":[{"href":"https:\/\/neqcert.com\/fi\/wp-json\/wp\/v2\/types\/page"}],"author":[{"embeddable":true,"href":"https:\/\/neqcert.com\/fi\/wp-json\/wp\/v2\/users\/1"}],"replies":[{"embeddable":true,"href":"https:\/\/neqcert.com\/fi\/wp-json\/wp\/v2\/comments?post=14"}],"version-history":[{"count":6,"href":"https:\/\/neqcert.com\/fi\/wp-json\/wp\/v2\/pages\/14\/revisions"}],"predecessor-version":[{"id":234,"href":"https:\/\/neqcert.com\/fi\/wp-json\/wp\/v2\/pages\/14\/revisions\/234"}],"wp:attachment":[{"href":"https:\/\/neqcert.com\/fi\/wp-json\/wp\/v2\/media?parent=14"}],"curies":[{"name":"wp","href":"https:\/\/api.w.org\/{rel}","templated":true}]}}