{"id":18,"date":"2025-12-09T19:16:09","date_gmt":"2025-12-09T19:16:09","guid":{"rendered":"https:\/\/neqcert.com\/startsida\/"},"modified":"2026-01-10T22:22:43","modified_gmt":"2026-01-10T22:22:43","slug":"startsida","status":"publish","type":"page","link":"https:\/\/neqcert.com\/fi\/","title":{"rendered":"Aloitussivu"},"content":{"rendered":"<div class=\"wp-block-group alignfull has-background-background-color has-background has-global-padding is-layout-constrained wp-container-core-group-is-layout-0e88317e wp-block-group-is-layout-constrained\" style=\"margin-top:0;margin-bottom:0;padding-top:var(--wp--preset--spacing--40);padding-bottom:var(--wp--preset--spacing--60)\">\n<div class=\"wp-block-group alignwide has-global-padding is-content-justification-left is-layout-constrained wp-container-core-group-is-layout-12dd3699 wp-block-group-is-layout-constrained\">\n<div class=\"wp-block-columns alignwide are-vertically-aligned-top is-layout-flex wp-container-core-columns-is-layout-1d9f35bd wp-block-columns-is-layout-flex\">\n<div class=\"wp-block-column is-vertically-aligned-top is-layout-flow wp-block-column-is-layout-flow\" style=\"flex-basis:60%\">\n<h1 class=\"wp-block-heading alignwide\">Compliance. Koulutus. osaaminen.<\/h1>\n<\/div>\n<\/div>\n<\/div>\n\n\n\n<div class=\"wp-block-group alignwide is-layout-flow wp-block-group-is-layout-flow\">\n<figure class=\"wp-block-image size-full is-resized\"><img loading=\"lazy\" decoding=\"async\" width=\"2560\" height=\"1707\" src=\"https:\/\/neqcert.com\/wp-content\/uploads\/2025\/12\/helsinki-cathedral-4189825-scaled.jpg\" alt=\"\" class=\"wp-image-29\" style=\"aspect-ratio:3\/2;object-fit:cover;width:1280px;height:auto\" srcset=\"https:\/\/neqcert.com\/wp-content\/uploads\/2025\/12\/helsinki-cathedral-4189825-scaled.jpg 2560w, https:\/\/neqcert.com\/wp-content\/uploads\/2025\/12\/helsinki-cathedral-4189825-300x200.jpg 300w, https:\/\/neqcert.com\/wp-content\/uploads\/2025\/12\/helsinki-cathedral-4189825-1024x683.jpg 1024w, https:\/\/neqcert.com\/wp-content\/uploads\/2025\/12\/helsinki-cathedral-4189825-768x512.jpg 768w, https:\/\/neqcert.com\/wp-content\/uploads\/2025\/12\/helsinki-cathedral-4189825-1536x1024.jpg 1536w, https:\/\/neqcert.com\/wp-content\/uploads\/2025\/12\/helsinki-cathedral-4189825-2048x1365.jpg 2048w\" sizes=\"auto, (max-width: 2560px) 100vw, 2560px\" \/><\/figure>\n<\/div>\n<\/div>\n\n\n\n<div class=\"wp-block-group alignfull has-background-background-color has-background has-global-padding is-layout-constrained wp-container-core-group-is-layout-12c5e928 wp-block-group-is-layout-constrained\" id=\"tjanster\" style=\"margin-top:0;margin-bottom:0;padding-top:var(--wp--preset--spacing--60);padding-right:var(--wp--preset--spacing--30);padding-bottom:var(--wp--preset--spacing--60);padding-left:var(--wp--preset--spacing--30)\">\n<h2 class=\"wp-block-heading alignwide has-text-align-left\">Palvelumme<\/h2>\n\n\n\n<div class=\"wp-block-columns alignwide is-layout-flex wp-container-core-columns-is-layout-08c01c1c wp-block-columns-is-layout-flex\">\n<div class=\"wp-block-column is-layout-flow wp-block-column-is-layout-flow\">\n<div class=\"wp-block-group alignwide has-global-padding is-content-justification-center is-layout-constrained wp-block-group-is-layout-constrained\">\n<h2 class=\"wp-block-heading has-large-font-size\">Compliance<\/h2>\n\n\n\n<p style=\"margin-top:16px\">Tarjoamme asiantuntijapalveluja sen varmistamiseksi, ett\u00e4 organisaatiosi noudattaa ISO-standardeja ja muita vaatimuksia ja m\u00e4\u00e4r\u00e4yksi\u00e4. Lue lis\u00e4\u00e4 vaatimustenmukaisuuspalveluistamme alla olevasta kohdasta \u201dLue lis\u00e4\u00e4\u201d.<\/p>\n\n\n\n<div class=\"wp-block-buttons is-layout-flex wp-block-buttons-is-layout-flex\" style=\"margin-top:var(--wp--preset--spacing--30)\">\n<div class=\"wp-block-button is-style-fill\"><a class=\"wp-block-button__link wp-element-button\" href=\"https:\/\/neqcert.com\/compliance-tjanster\/\">Lue lis\u00e4\u00e4 vaatimustenmukaisuudesta<\/a><\/div>\n<\/div>\n<\/div>\n\n\n\n<div class=\"wp-block-group alignwide has-global-padding is-content-justification-center is-layout-constrained wp-block-group-is-layout-constrained\">\n<h2 class=\"wp-block-heading has-large-font-size\">Koulutus<\/h2>\n\n\n\n<p style=\"margin-top:16px\">Tarjoamme verkko-opiskelua ja kouluttajien vet\u00e4mi\u00e4 koulutusohjelmia, jotka vahvistavat nykyisten vaatimusten tuntemusta ja ymm\u00e4rryst\u00e4. Lue lis\u00e4\u00e4 koulutusohjelmistamme alla olevasta kohdasta \u201dLue lis\u00e4\u00e4\u201d.<\/p>\n\n\n\n<div class=\"wp-block-buttons is-layout-flex wp-block-buttons-is-layout-flex\" style=\"margin-top:var(--wp--preset--spacing--30)\">\n<div class=\"wp-block-button is-style-fill\"><a class=\"wp-block-button__link wp-element-button\" href=\"https:\/\/neqcert.com\/utbildningstjanst\/\">Lue lis\u00e4\u00e4 koulutuksesta<\/a><\/div>\n<\/div>\n<\/div>\n<\/div>\n\n\n\n<div class=\"wp-block-column is-layout-flow wp-block-column-is-layout-flow\">\n<figure class=\"wp-block-image size-large\"><img loading=\"lazy\" decoding=\"async\" width=\"1024\" height=\"683\" src=\"https:\/\/neqcert.com\/wp-content\/uploads\/2025\/12\/business-8598076-1024x683.jpg\" alt=\"\" class=\"wp-image-105\" srcset=\"https:\/\/neqcert.com\/wp-content\/uploads\/2025\/12\/business-8598076-1024x683.jpg 1024w, https:\/\/neqcert.com\/wp-content\/uploads\/2025\/12\/business-8598076-300x200.jpg 300w, https:\/\/neqcert.com\/wp-content\/uploads\/2025\/12\/business-8598076-768x512.jpg 768w, https:\/\/neqcert.com\/wp-content\/uploads\/2025\/12\/business-8598076-1536x1024.jpg 1536w, https:\/\/neqcert.com\/wp-content\/uploads\/2025\/12\/business-8598076-2048x1365.jpg 2048w\" sizes=\"auto, (max-width: 1024px) 100vw, 1024px\" \/><\/figure>\n<\/div>\n<\/div>\n<\/div>\n\n\n\n<div class=\"wp-block-group alignfull has-background-background-color has-background has-global-padding is-layout-constrained wp-block-group-is-layout-constrained\" id=\"kontakt\" style=\"margin-top:0;margin-bottom:0;padding-top:var(--wp--preset--spacing--60);padding-bottom:var(--wp--preset--spacing--60)\">\n<div class=\"wp-block-columns alignwide is-layout-flex wp-container-core-columns-is-layout-08c01c1c wp-block-columns-is-layout-flex\">\n<div class=\"wp-block-column is-layout-flow wp-block-column-is-layout-flow\" style=\"flex-basis:40%\">\n<h2 class=\"wp-block-heading has-large-font-size\">Pyyd\u00e4 ilmainen tarjous!<\/h2>\n\n\n\n<p style=\"margin-top:16px\">T\u00e4yt\u00e4 lomake ja otamme sinuun yhteytt\u00e4 pian.<\/p>\n<\/div>\n\n\n\n<div class=\"wp-block-column is-layout-flow wp-block-column-is-layout-flow\">\n<div class=\"wp-block-group has-tertiary-background-color has-background has-global-padding is-layout-constrained wp-container-core-group-is-layout-52009084 wp-block-group-is-layout-constrained\" style=\"border-radius:1.5rem;padding-top:var(--wp--preset--spacing--40);padding-right:var(--wp--preset--spacing--40);padding-bottom:var(--wp--preset--spacing--40);padding-left:var(--wp--preset--spacing--40)\"><div class=\"wpforms-container wpforms-block wpforms-block-406c62bf-d413-4f54-9e34-6ea96a36e1dd wpforms-render-modern\" id=\"wpforms-12\"><form id=\"wpforms-form-12\" class=\"wpforms-validate wpforms-form wpforms-ajax-form\" data-formid=\"12\" method=\"post\" enctype=\"multipart\/form-data\" action=\"\/fi\/wp-json\/wp\/v2\/pages\/18\" data-token=\"755c5df706c94f63e7cb5a95a31ce00f\" data-token-time=\"1776613489\" data-trp-original-action=\"\/fi\/wp-json\/wp\/v2\/pages\/18\"><noscript class=\"wpforms-error-noscript\">Ota JavaScript k\u00e4ytt\u00f6\u00f6n selaimessasi t\u00e4ytt\u00e4\u00e4ksesi t\u00e4m\u00e4n lomakkeen.<\/noscript><div id=\"wpforms-error-noscript\" style=\"display: none;\">Ota JavaScript k\u00e4ytt\u00f6\u00f6n selaimessasi t\u00e4ytt\u00e4\u00e4ksesi t\u00e4m\u00e4n lomakkeen.<\/div><div class=\"wpforms-field-container\"><div id=\"wpforms-12-field_1-container\" class=\"wpforms-field wpforms-field-name\" data-field-id=\"1\"><label class=\"wpforms-field-label\" for=\"wpforms-12-field_1\">Organisaation nimi <span class=\"wpforms-required-label\" aria-hidden=\"true\">*<\/span><\/label><input type=\"text\" id=\"wpforms-12-field_1\" class=\"wpforms-field-large wpforms-field-required\" name=\"wpforms[fields][1]\" aria-errormessage=\"wpforms-12-field_1-error\" required><\/div>\t\t<div id=\"wpforms-12-field_5-container\"\n\t\t\tclass=\"wpforms-field wpforms-field-text\"\n\t\t\tdata-field-type=\"text\"\n\t\t\tdata-field-id=\"5\"\n\t\t\t>\n\t\t\t<label class=\"wpforms-field-label\" for=\"wpforms-12-field_5\" >Viestin aihe Nimi<\/label>\n\t\t\t<input type=\"text\" id=\"wpforms-12-field_5\" class=\"wpforms-field-medium\" name=\"wpforms[fields][5]\" >\n\t\t<\/div>\n\t\t<div id=\"wpforms-12-field_2-container\" class=\"wpforms-field wpforms-field-email\" data-field-id=\"2\"><label class=\"wpforms-field-label\" for=\"wpforms-12-field_2\">S\u00e4hk\u00f6postiosoite <span class=\"wpforms-required-label\" aria-hidden=\"true\">*<\/span><\/label><input type=\"email\" id=\"wpforms-12-field_2\" class=\"wpforms-field-large wpforms-field-required\" name=\"wpforms[fields][2]\" spellcheck=\"false\" aria-errormessage=\"wpforms-12-field_2-error\" required><\/div><div id=\"wpforms-12-field_3-container\" class=\"wpforms-field wpforms-field-text\" data-field-id=\"3\"><label class=\"wpforms-field-label\" for=\"wpforms-12-field_3\">Aihe<\/label><input type=\"text\" id=\"wpforms-12-field_3\" class=\"wpforms-field-large\" name=\"wpforms[fields][3]\" aria-errormessage=\"wpforms-12-field_3-error\" ><\/div><div id=\"wpforms-12-field_4-container\" class=\"wpforms-field wpforms-field-textarea\" data-field-id=\"4\"><label class=\"wpforms-field-label\" for=\"wpforms-12-field_4\">Ilmoitus <span class=\"wpforms-required-label\" aria-hidden=\"true\">*<\/span><\/label><textarea id=\"wpforms-12-field_4\" class=\"wpforms-field-large wpforms-field-required\" name=\"wpforms[fields][4]\" aria-errormessage=\"wpforms-12-field_4-error\" required><\/textarea><\/div><script>\n\t\t\t\t( function() {\n\t\t\t\t\tconst style = document.createElement( 'style' );\n\t\t\t\t\tstyle.appendChild( document.createTextNode( '#wpforms-12-field_5-container { position: absolute !important; overflow: hidden !important; display: inline !important; height: 1px !important; width: 1px !important; z-index: -1000 !important; padding: 0 !important; } #wpforms-12-field_5-container input { visibility: hidden; } #wpforms-conversational-form-page #wpforms-12-field_5-container label { counter-increment: none; }' ) );\n\t\t\t\t\tdocument.head.appendChild( style );\n\t\t\t\t\tdocument.currentScript?.remove();\n\t\t\t\t} )();\n\t\t\t<\/script><\/div><!-- .wpforms-field-container --><div class=\"wpforms-submit-container\" ><input type=\"hidden\" name=\"wpforms[id]\" value=\"12\"><input type=\"hidden\" name=\"page_title\" value=\"\"><input type=\"hidden\" name=\"page_url\" value=\"https:\/\/neqcert.com\/fi\/wp-json\/wp\/v2\/pages\/18\"><input type=\"hidden\" name=\"url_referer\" value=\"\"><button type=\"submit\" name=\"wpforms[submit]\" id=\"wpforms-submit-12\" class=\"wpforms-submit\" data-alt-text=\"Skickar \u2026\" data-submit-text=\"Skicka\" aria-live=\"assertive\" value=\"wpforms-submit\">L\u00e4het\u00e4<\/button><img loading=\"lazy\" decoding=\"async\" src=\"https:\/\/neqcert.com\/wp-content\/plugins\/wpforms-lite\/assets\/images\/submit-spin.svg\" class=\"wpforms-submit-spinner\" style=\"display: none;\" width=\"26\" height=\"26\" alt=\"Ladataan\"><\/div><input type=\"hidden\" name=\"trp-form-language\" value=\"fi\"\/><\/form><\/div>  <!-- .wpforms-container --><\/div>\n<\/div>\n<\/div>\n<\/div>","protected":false},"excerpt":{"rendered":"<p>noudattaminen. Koulutus. Asiantuntemus. Palvelumme Vaatimustenmukaisuus Tarjoamme asiantuntijapalveluja, joilla varmistat, ett\u00e4 organisaatiosi t\u00e4ytt\u00e4\u00e4 ISO-standardit ja muut vaatimukset ja m\u00e4\u00e4r\u00e4ykset. Lue lis\u00e4\u00e4 vaatimustenmukaisuuspalveluistamme alla olevasta kohdasta \u201dLue lis\u00e4\u00e4\u201d. Koulutus Tarjoamme verkko-opiskelua ja opettajien vet\u00e4mi\u00e4 koulutusohjelmia, jotka vahvistavat tiet\u00e4myst\u00e4 ja ymm\u00e4rryst\u00e4 nykyisist\u00e4 vaatimusalueista. Lue lis\u00e4\u00e4 koulutusohjelmistamme kohdasta \u201dLue lis\u00e4\u00e4 [...]\".<\/p>","protected":false},"author":1,"featured_media":0,"parent":0,"menu_order":0,"comment_status":"closed","ping_status":"closed","template":"no-title","meta":{"footnotes":""},"class_list":["post-18","page","type-page","status-publish","hentry"],"aioseo_notices":[],"_links":{"self":[{"href":"https:\/\/neqcert.com\/fi\/wp-json\/wp\/v2\/pages\/18","targetHints":{"allow":["GET"]}}],"collection":[{"href":"https:\/\/neqcert.com\/fi\/wp-json\/wp\/v2\/pages"}],"about":[{"href":"https:\/\/neqcert.com\/fi\/wp-json\/wp\/v2\/types\/page"}],"author":[{"embeddable":true,"href":"https:\/\/neqcert.com\/fi\/wp-json\/wp\/v2\/users\/1"}],"replies":[{"embeddable":true,"href":"https:\/\/neqcert.com\/fi\/wp-json\/wp\/v2\/comments?post=18"}],"version-history":[{"count":23,"href":"https:\/\/neqcert.com\/fi\/wp-json\/wp\/v2\/pages\/18\/revisions"}],"predecessor-version":[{"id":257,"href":"https:\/\/neqcert.com\/fi\/wp-json\/wp\/v2\/pages\/18\/revisions\/257"}],"wp:attachment":[{"href":"https:\/\/neqcert.com\/fi\/wp-json\/wp\/v2\/media?parent=18"}],"curies":[{"name":"wp","href":"https:\/\/api.w.org\/{rel}","templated":true}]}}