{"id":121,"date":"2025-12-23T10:07:35","date_gmt":"2025-12-23T10:07:35","guid":{"rendered":"https:\/\/neqcert.com\/?page_id=121"},"modified":"2026-01-10T22:06:16","modified_gmt":"2026-01-10T22:06:16","slug":"compliance-tjanster","status":"publish","type":"page","link":"https:\/\/neqcert.com\/nb\/etterlevelse-tjanster\/","title":{"rendered":"V\u00e5re compliance-tjenester"},"content":{"rendered":"<div class=\"wp-block-group alignfull is-style-ext-preset--group--natural-1--section has-background-background-color has-background has-global-padding is-layout-constrained wp-container-core-group-is-layout-f72f1611 wp-block-group-is-layout-constrained\" style=\"margin-top:0;margin-bottom:0;padding-top:var(--wp--preset--spacing--70);padding-bottom:var(--wp--preset--spacing--70)\">\n<div class=\"wp-block-group alignwide is-vertical is-content-justification-center is-layout-flex wp-container-core-group-is-layout-c9ee0c5a wp-block-group-is-layout-flex\">\n<div class=\"wp-block-group has-global-padding is-layout-constrained wp-container-core-group-is-layout-5e05634a wp-block-group-is-layout-constrained\">\n<h2 class=\"wp-block-heading has-text-align-center\">V\u00e5re compliance-tjenester<\/h2>\n\n\n\n<p class=\"has-text-align-center\">Neqcert tilbyr tjenester som skal gi organisasjoner og deres interessenter en uavhengig vurdering av n\u00e5v\u00e6rende status og modenhet i forhold til standarder og regelverk.<\/p>\n\n\n\n<p class=\"has-text-align-center\">Disse tjenestene kan brukes uavhengig av om organisasjonen har til hensikt \u00e5 sertifisere seg eller ikke.<\/p>\n<\/div>\n<\/div>\n<\/div>\n\n\n\n<div class=\"wp-block-group alignfull is-style-ext-preset--group--natural-1--section has-tertiary-background-color has-background has-global-padding is-layout-constrained wp-container-core-group-is-layout-e955bbaf wp-block-group-is-layout-constrained\" style=\"margin-top:0;margin-bottom:0;padding-top:var(--wp--preset--spacing--70);padding-bottom:var(--wp--preset--spacing--70)\">\n<div class=\"wp-block-columns alignwide is-layout-flex wp-container-core-columns-is-layout-28f84493 wp-block-columns-is-layout-flex\">\n<div class=\"wp-block-column has-background-background-color has-background is-layout-flow wp-container-core-column-is-layout-8f6c3922 wp-block-column-is-layout-flow\" style=\"border-radius:1.5rem;padding-top:1.5rem;padding-right:1.5rem;padding-bottom:1.5rem;padding-left:1.5rem\">\n<h2 class=\"wp-block-heading\">Analyse av gap<\/h2>\n\n\n\n<p>En gap-analyse er en strukturert gjennomgang av organisasjonens n\u00e5v\u00e6rende arbeidsmetoder i forhold til kravene i en standard eller et regelverk. Resultatet er et objektivt og tydelig bilde av hva som er oppfylt, og hva som gjenst\u00e5r for \u00e5 oppn\u00e5 samsvar.<\/p>\n\n\n\n<p>Gapanalysen bidrar til en raskere vei til samsvar ved \u00e5 gj\u00f8re det klart hva som gjenst\u00e5r av arbeid.<\/p>\n\n\n\n<p>Du vil motta en oppsummeringsrapport som viser organisasjonens n\u00e5v\u00e6rende tilstand og gj\u00f8r det klart hva som gjenst\u00e5r \u00e5 gj\u00f8re.<\/p>\n\n\n\n<p>Omfanget av programmet<\/p>\n\n\n\n<p>Gap-analyser kan blant annet gjennomf\u00f8res mot<\/p>\n\n\n\n<p>- ISO 9001 - Kvalitetsstyring <br>- ISO 14001 - Milj\u00f8ledelse <br>- ISO 45001 - Helse, milj\u00f8 og sikkerhet p\u00e5 arbeidsplassen <br>- ISO 27001 - Informasjonssikkerhet <br>- NIS2 - Cybersikkerhet og styring <br>- GDPR - Personvern og personopplysninger<br>- B\u00e6rekraft i leverand\u00f8rkjeden<\/p>\n\n\n\n<p>Hva er inkludert<\/p>\n\n\n\n<p>- Gjennomgang av relevante krav i standarder eller forskrifter <br>- Intervjuer og dokumentgjennomgang <br>- Vurdering av n\u00e5v\u00e6rende situasjon og modenhet <br>- Identifisering av mangler i forhold til kravene <br>- Oppsummeringsrapport med tydelig struktur<\/p>\n\n\n\n<p>Rapporten beskriver hvilke krav som ikke er oppfylt eller bare delvis oppfylt.<\/p>\n\n\n\n<p>N\u00e5r er en gapanalyse verdifull?<\/p>\n\n\n\n<p>- St\u00e5r overfor beslutningen om \u00e5 g\u00e5 mot sertifisering <br>- Som grunnlag for planlegging av et prosjekt for \u00e5 oppfylle standarder eller krav<br>- Vurdere modenhet i forhold til nytt regelverk <br>- Som internt beslutningsgrunnlag for ledelsen og styret<\/p>\n\n\n\n<div class=\"wp-block-buttons is-layout-flex wp-block-buttons-is-layout-flex\">\n<div class=\"wp-block-button\"><a class=\"wp-block-button__link wp-element-button\" href=\"https:\/\/neqcert.com\/kontakt\/\">Kontakt oss<\/a><\/div>\n<\/div>\n<\/div>\n\n\n\n<div class=\"wp-block-column has-background-background-color has-background is-layout-flow wp-container-core-column-is-layout-8f6c3922 wp-block-column-is-layout-flow\" style=\"border-radius:1.5rem;padding-top:1.5rem;padding-right:1.5rem;padding-bottom:1.5rem;padding-left:1.5rem\">\n<h2 class=\"wp-block-heading\">Revisjon av leverand\u00f8rer<\/h2>\n\n\n\n<p>Neqcert tilbyr ogs\u00e5 uavhengige revisjoner av v\u00e5re kunders leverand\u00f8rer og samarbeidspartnere. Form\u00e5let er \u00e5 gi en objektiv og p\u00e5litelig vurdering av hvor godt leverand\u00f8rene dine oppfyller definerte krav.<\/p>\n\n\n\n<p>Revisjonen kan gjennomf\u00f8res som en frittst\u00e5ende aktivitet eller som en del av organisasjonens arbeid med leverand\u00f8rstyring og risikoh\u00e5ndtering.<\/p>\n\n\n\n<p>Omfanget av programmet<\/p>\n\n\n\n<p>Leverand\u00f8rrevisjon kan gjennomf\u00f8res mot:<\/p>\n\n\n\n<p>- Kontraktsmessige og kundespesifikke krav<\/p>\n\n\n\n<p>- Krav i ISO-standarder (f.eks. 9001, 14001, 27001) <br>- Krav til informasjonssikkerhet og databeskyttelse <br>- Krav knyttet til NIS2 og leverand\u00f8rrisiko<br>- Krav til b\u00e6rekraft i leverand\u00f8rkjeden<\/p>\n\n\n\n<p>Hva er inkludert<\/p>\n\n\n\n<p>- Gjennomgang av leverand\u00f8rens styring og arbeidsmetoder <br>- Vurdering i forhold til avtalte krav og kriterier <br>- Dokumentgjennomgang, intervjuer og bes\u00f8k p\u00e5 stedet om n\u00f8dvendig <br>- Oppsummeringsrapport med observasjoner og avvik<\/p>\n\n\n\n<p>Resultatene presenteres i en faktabasert og strukturert rapport, som kan brukes som grunnlag for risikovurdering, overv\u00e5king eller beslutningstaking.<\/p>\n\n\n\n<p>N\u00e5r du b\u00f8r bruke leverand\u00f8rrevisjon<\/p>\n\n\n\n<p>- Oppfylle kravene til leverand\u00f8rvurdering i ulike standarder og forskrifter<br>- N\u00e5r du skal velge en ny leverand\u00f8r <br>- Som en del av den l\u00f8pende leverand\u00f8roppf\u00f8lgingen <br>- Hvis det kreves av kunder eller myndigheter <br>- For \u00e5 st\u00f8tte risiko- og sikkerhetsvurderinger<\/p>\n\n\n\n<div class=\"wp-block-buttons is-layout-flex wp-block-buttons-is-layout-flex\">\n<div class=\"wp-block-button\"><a class=\"wp-block-button__link wp-element-button\" href=\"https:\/\/neqcert.com\/kontakt\/\">Kontakt oss<\/a><\/div>\n<\/div>\n<\/div>\n<\/div>\n\n\n\n<div class=\"wp-block-columns alignwide is-layout-flex wp-container-core-columns-is-layout-28f84493 wp-block-columns-is-layout-flex\">\n<div class=\"wp-block-column is-layout-flow wp-block-column-is-layout-flow\">\n<p><\/p>\n\n\n\n<h2 class=\"wp-block-heading\">F\u00e5 et gratis tilbud!<\/h2>\n\n\n\n<p>Fyll ut skjemaet, s\u00e5 kommer vi tilbake til deg innen kort tid!<\/p>\n\n\n<div class=\"wpforms-container wpforms-block wpforms-block-b0606aae-565a-4e49-bb07-0f73d8386648 wpforms-render-modern\" id=\"wpforms-12\"><form id=\"wpforms-form-12\" class=\"wpforms-validate wpforms-form wpforms-ajax-form\" data-formid=\"12\" method=\"post\" enctype=\"multipart\/form-data\" action=\"\/nb\/wp-json\/wp\/v2\/pages\/121\" data-token=\"755c5df706c94f63e7cb5a95a31ce00f\" data-token-time=\"1776619560\" data-trp-original-action=\"\/nb\/wp-json\/wp\/v2\/pages\/121\"><noscript class=\"wpforms-error-noscript\">Vennligst aktiver JavaScript i nettleseren din for \u00e5 fylle ut dette skjemaet.<\/noscript><div id=\"wpforms-error-noscript\" style=\"display: none;\">Vennligst aktiver JavaScript i nettleseren din for \u00e5 fylle ut dette skjemaet.<\/div><div class=\"wpforms-field-container\"><div id=\"wpforms-12-field_1-container\" class=\"wpforms-field wpforms-field-name\" data-field-id=\"1\"><label class=\"wpforms-field-label\" for=\"wpforms-12-field_1\">Navn p\u00e5 organisasjonen <span class=\"wpforms-required-label\" aria-hidden=\"true\">*<\/span><\/label><input type=\"text\" id=\"wpforms-12-field_1\" class=\"wpforms-field-large wpforms-field-required\" name=\"wpforms[fields][1]\" aria-errormessage=\"wpforms-12-field_1-error\" required><\/div><div id=\"wpforms-12-field_2-container\" class=\"wpforms-field wpforms-field-email\" data-field-id=\"2\"><label class=\"wpforms-field-label\" for=\"wpforms-12-field_2\">E-postadresse <span class=\"wpforms-required-label\" aria-hidden=\"true\">*<\/span><\/label><input type=\"email\" id=\"wpforms-12-field_2\" class=\"wpforms-field-large wpforms-field-required\" name=\"wpforms[fields][2]\" spellcheck=\"false\" aria-errormessage=\"wpforms-12-field_2-error\" required><\/div><div id=\"wpforms-12-field_3-container\" class=\"wpforms-field wpforms-field-text\" data-field-id=\"3\"><label class=\"wpforms-field-label\" for=\"wpforms-12-field_3\">Emne<\/label><input type=\"text\" id=\"wpforms-12-field_3\" class=\"wpforms-field-large\" name=\"wpforms[fields][3]\" aria-errormessage=\"wpforms-12-field_3-error\" ><\/div>\t\t<div id=\"wpforms-12-field_5-container\"\n\t\t\tclass=\"wpforms-field wpforms-field-text\"\n\t\t\tdata-field-type=\"text\"\n\t\t\tdata-field-id=\"5\"\n\t\t\t>\n\t\t\t<label class=\"wpforms-field-label\" for=\"wpforms-12-field_5\" >Melding E-post Emne<\/label>\n\t\t\t<input type=\"text\" id=\"wpforms-12-field_5\" class=\"wpforms-field-medium\" name=\"wpforms[fields][5]\" >\n\t\t<\/div>\n\t\t<div id=\"wpforms-12-field_4-container\" class=\"wpforms-field wpforms-field-textarea\" data-field-id=\"4\"><label class=\"wpforms-field-label\" for=\"wpforms-12-field_4\">Melding <span class=\"wpforms-required-label\" aria-hidden=\"true\">*<\/span><\/label><textarea id=\"wpforms-12-field_4\" class=\"wpforms-field-large wpforms-field-required\" name=\"wpforms[fields][4]\" aria-errormessage=\"wpforms-12-field_4-error\" required><\/textarea><\/div><script>\n\t\t\t\t( function() {\n\t\t\t\t\tconst style = document.createElement( 'style' );\n\t\t\t\t\tstyle.appendChild( document.createTextNode( '#wpforms-12-field_5-container { position: absolute !important; overflow: hidden !important; display: inline !important; height: 1px !important; width: 1px !important; z-index: -1000 !important; padding: 0 !important; } #wpforms-12-field_5-container input { visibility: hidden; } #wpforms-conversational-form-page #wpforms-12-field_5-container label { counter-increment: none; }' ) );\n\t\t\t\t\tdocument.head.appendChild( style );\n\t\t\t\t\tdocument.currentScript?.remove();\n\t\t\t\t} )();\n\t\t\t<\/script><\/div><!-- .wpforms-field-container --><div class=\"wpforms-submit-container\" ><input type=\"hidden\" name=\"wpforms[id]\" value=\"12\"><input type=\"hidden\" name=\"page_title\" value=\"\"><input type=\"hidden\" name=\"page_url\" value=\"https:\/\/neqcert.com\/nb\/wp-json\/wp\/v2\/pages\/121\"><input type=\"hidden\" name=\"url_referer\" value=\"\"><button type=\"submit\" name=\"wpforms[submit]\" id=\"wpforms-submit-12\" class=\"wpforms-submit\" data-alt-text=\"Skickar \u2026\" data-submit-text=\"Skicka\" aria-live=\"assertive\" value=\"wpforms-submit\">Send inn<\/button><img loading=\"lazy\" decoding=\"async\" src=\"https:\/\/neqcert.com\/wp-content\/plugins\/wpforms-lite\/assets\/images\/submit-spin.svg\" class=\"wpforms-submit-spinner\" style=\"display: none;\" width=\"26\" height=\"26\" alt=\"Lasting\"><\/div><input type=\"hidden\" name=\"trp-form-language\" value=\"nb\"\/><\/form><\/div>  <!-- .wpforms-container --><\/div>\n<\/div>\n<\/div>","protected":false},"excerpt":{"rendered":"<p>V\u00e5re compliance-tjenester Neqcert tilbyr tjenester som tar sikte p\u00e5 \u00e5 gi organisasjoner og deres interessenter en uavhengig vurdering av n\u00e5v\u00e6rende status og modenhet i forhold til standarder og regelverk. Disse tjenestene kan brukes uavhengig av om organisasjonen har til hensikt \u00e5 sertifisere seg eller ikke. Gapanalyse En gapanalyse er en strukturert gjennomgang av organisasjonens n\u00e5v\u00e6rende arbeidsmetoder i forhold til [...].<\/p>","protected":false},"author":1,"featured_media":0,"parent":0,"menu_order":0,"comment_status":"closed","ping_status":"closed","template":"page-with-title","meta":{"footnotes":""},"class_list":["post-121","page","type-page","status-publish","hentry"],"aioseo_notices":[],"_links":{"self":[{"href":"https:\/\/neqcert.com\/nb\/wp-json\/wp\/v2\/pages\/121","targetHints":{"allow":["GET"]}}],"collection":[{"href":"https:\/\/neqcert.com\/nb\/wp-json\/wp\/v2\/pages"}],"about":[{"href":"https:\/\/neqcert.com\/nb\/wp-json\/wp\/v2\/types\/page"}],"author":[{"embeddable":true,"href":"https:\/\/neqcert.com\/nb\/wp-json\/wp\/v2\/users\/1"}],"replies":[{"embeddable":true,"href":"https:\/\/neqcert.com\/nb\/wp-json\/wp\/v2\/comments?post=121"}],"version-history":[{"count":14,"href":"https:\/\/neqcert.com\/nb\/wp-json\/wp\/v2\/pages\/121\/revisions"}],"predecessor-version":[{"id":255,"href":"https:\/\/neqcert.com\/nb\/wp-json\/wp\/v2\/pages\/121\/revisions\/255"}],"wp:attachment":[{"href":"https:\/\/neqcert.com\/nb\/wp-json\/wp\/v2\/media?parent=121"}],"curies":[{"name":"wp","href":"https:\/\/api.w.org\/{rel}","templated":true}]}}