{"id":14,"date":"2025-12-09T19:16:03","date_gmt":"2025-12-09T19:16:03","guid":{"rendered":"https:\/\/neqcert.com\/om\/"},"modified":"2026-01-07T15:11:46","modified_gmt":"2026-01-07T15:11:46","slug":"om","status":"publish","type":"page","link":"https:\/\/neqcert.com\/nb\/til\/","title":{"rendered":"Om oss"},"content":{"rendered":"<p><\/p>\n\n\n\n<div class=\"wp-block-columns alignwide is-layout-flex wp-container-core-columns-is-layout-28f84493 wp-block-columns-is-layout-flex\">\n<div class=\"wp-block-column is-layout-flow wp-block-column-is-layout-flow\"><h2 class=\"wp-block-post-title\">Om oss<\/h2>\n\n\n<p>Neqcert ble grunnlagt i 2025 av Stefan Heidmark med ambisjon om \u00e5 hjelpe organisasjoner med \u00e5 skape struktur, tydelighet og langsiktig b\u00e6rekraft i arbeidet med ledelsessystemer, compliance og governance. Virksomheten er basert p\u00e5 solid erfaring med \u00e5 jobbe med standarder, regelverk og praktisk anvendelse i ulike typer organisasjoner og bransjer.<\/p>\n\n\n\n<p>Neqcert tilbyr uavhengige tjenester innen omr\u00e5der som gap-analyser, leverand\u00f8rrevisjoner, oppl\u00e6ring og e-l\u00e6ring. Arbeidet dekker omr\u00e5der som kvalitet, milj\u00f8, informasjonssikkerhet, arbeidsmilj\u00f8, personvern og cybersikkerhet. Tjenestene kan brukes b\u00e5de som st\u00f8tte for sertifisering og som et verkt\u00f8y for \u00e5 styrke virksomhetens interne styring, risikostyring og etterlevelse.<\/p>\n\n\n\n<p>V\u00e5r tiln\u00e6rming er forretningsorientert, strukturert og pragmatisk. Vi tar alltid utgangspunkt i organisasjonens faktiske behov og modenhet, med fokus p\u00e5 \u00e5 gj\u00f8re krav og regelverk forst\u00e5elige, nyttige og mulige \u00e5 implementere i hverdagen. Gjennom et \u00e5pent og transparent samarbeid skaper vi langsiktige relasjoner og b\u00e6rekraftige l\u00f8sninger som bidrar til sikkerhet, kvalitet og kontinuerlig forbedring.<\/p>\n<\/div>\n\n\n\n<div class=\"wp-block-column is-layout-flow wp-block-column-is-layout-flow\">\n<h2 class=\"wp-block-heading\">F\u00e5 et gratis tilbud!<\/h2>\n\n\n<div class=\"wpforms-container wpforms-block wpforms-block-090af49b-207b-4f29-b834-65bb20651a5b wpforms-render-modern\" id=\"wpforms-12\"><form id=\"wpforms-form-12\" class=\"wpforms-validate wpforms-form wpforms-ajax-form\" data-formid=\"12\" method=\"post\" enctype=\"multipart\/form-data\" action=\"\/nb\/wp-json\/wp\/v2\/pages\/14\" data-token=\"755c5df706c94f63e7cb5a95a31ce00f\" data-token-time=\"1776618881\" data-trp-original-action=\"\/nb\/wp-json\/wp\/v2\/pages\/14\"><noscript class=\"wpforms-error-noscript\">Vennligst aktiver JavaScript i nettleseren din for \u00e5 fylle ut dette skjemaet.<\/noscript><div id=\"wpforms-error-noscript\" style=\"display: none;\">Vennligst aktiver JavaScript i nettleseren din for \u00e5 fylle ut dette skjemaet.<\/div><div class=\"wpforms-field-container\"><div id=\"wpforms-12-field_1-container\" class=\"wpforms-field wpforms-field-name\" data-field-id=\"1\"><label class=\"wpforms-field-label\" for=\"wpforms-12-field_1\">Navn p\u00e5 organisasjonen <span class=\"wpforms-required-label\" aria-hidden=\"true\">*<\/span><\/label><input type=\"text\" id=\"wpforms-12-field_1\" class=\"wpforms-field-large wpforms-field-required\" name=\"wpforms[fields][1]\" aria-errormessage=\"wpforms-12-field_1-error\" required><\/div><div id=\"wpforms-12-field_2-container\" class=\"wpforms-field wpforms-field-email\" data-field-id=\"2\"><label class=\"wpforms-field-label\" for=\"wpforms-12-field_2\">E-postadresse <span class=\"wpforms-required-label\" aria-hidden=\"true\">*<\/span><\/label><input type=\"email\" id=\"wpforms-12-field_2\" class=\"wpforms-field-large wpforms-field-required\" name=\"wpforms[fields][2]\" spellcheck=\"false\" aria-errormessage=\"wpforms-12-field_2-error\" required><\/div><div id=\"wpforms-12-field_3-container\" class=\"wpforms-field wpforms-field-text\" data-field-id=\"3\"><label class=\"wpforms-field-label\" for=\"wpforms-12-field_3\">Emne<\/label><input type=\"text\" id=\"wpforms-12-field_3\" class=\"wpforms-field-large\" name=\"wpforms[fields][3]\" aria-errormessage=\"wpforms-12-field_3-error\" ><\/div>\t\t<div id=\"wpforms-12-field_5-container\"\n\t\t\tclass=\"wpforms-field wpforms-field-text\"\n\t\t\tdata-field-type=\"text\"\n\t\t\tdata-field-id=\"5\"\n\t\t\t>\n\t\t\t<label class=\"wpforms-field-label\" for=\"wpforms-12-field_5\" >Melding E-post Navn<\/label>\n\t\t\t<input type=\"text\" id=\"wpforms-12-field_5\" class=\"wpforms-field-medium\" name=\"wpforms[fields][5]\" >\n\t\t<\/div>\n\t\t<div id=\"wpforms-12-field_4-container\" class=\"wpforms-field wpforms-field-textarea\" data-field-id=\"4\"><label class=\"wpforms-field-label\" for=\"wpforms-12-field_4\">Melding <span class=\"wpforms-required-label\" aria-hidden=\"true\">*<\/span><\/label><textarea id=\"wpforms-12-field_4\" class=\"wpforms-field-large wpforms-field-required\" name=\"wpforms[fields][4]\" aria-errormessage=\"wpforms-12-field_4-error\" required><\/textarea><\/div><script>\n\t\t\t\t( function() {\n\t\t\t\t\tconst style = document.createElement( 'style' );\n\t\t\t\t\tstyle.appendChild( document.createTextNode( '#wpforms-12-field_5-container { position: absolute !important; overflow: hidden !important; display: inline !important; height: 1px !important; width: 1px !important; z-index: -1000 !important; padding: 0 !important; } #wpforms-12-field_5-container input { visibility: hidden; } #wpforms-conversational-form-page #wpforms-12-field_5-container label { counter-increment: none; }' ) );\n\t\t\t\t\tdocument.head.appendChild( style );\n\t\t\t\t\tdocument.currentScript?.remove();\n\t\t\t\t} )();\n\t\t\t<\/script><\/div><!-- .wpforms-field-container --><div class=\"wpforms-submit-container\" ><input type=\"hidden\" name=\"wpforms[id]\" value=\"12\"><input type=\"hidden\" name=\"page_title\" value=\"\"><input type=\"hidden\" name=\"page_url\" value=\"https:\/\/neqcert.com\/nb\/wp-json\/wp\/v2\/pages\/14\"><input type=\"hidden\" name=\"url_referer\" value=\"\"><button type=\"submit\" name=\"wpforms[submit]\" id=\"wpforms-submit-12\" class=\"wpforms-submit\" data-alt-text=\"Skickar \u2026\" data-submit-text=\"Skicka\" aria-live=\"assertive\" value=\"wpforms-submit\">Send inn<\/button><img loading=\"lazy\" decoding=\"async\" src=\"https:\/\/neqcert.com\/wp-content\/plugins\/wpforms-lite\/assets\/images\/submit-spin.svg\" class=\"wpforms-submit-spinner\" style=\"display: none;\" width=\"26\" height=\"26\" alt=\"Lasting\"><\/div><input type=\"hidden\" name=\"trp-form-language\" value=\"nb\"\/><\/form><\/div>  <!-- .wpforms-container --><\/div>\n<\/div>","protected":false},"excerpt":{"rendered":"<p>Neqcert grundades 2025 av Stefan Heidmark med ambitionen att hj\u00e4lpa organisationer att skapa struktur, tydlighet och l\u00e5ngsiktig h\u00e5llbarhet i sitt arbete med ledningssystem, regelefterlevnad och styrning. Verksamheten bygger p\u00e5 gedigen erfarenhet av att arbeta med standarder, regelverk och praktisk till\u00e4mpning i olika typer av organisationer och branscher. Neqcert erbjuder oberoende tj\u00e4nster inom bland annat gap-analyser, [&hellip;]<\/p>","protected":false},"author":1,"featured_media":0,"parent":0,"menu_order":0,"comment_status":"closed","ping_status":"closed","template":"page-with-title","meta":{"footnotes":""},"class_list":["post-14","page","type-page","status-publish","hentry"],"aioseo_notices":[],"_links":{"self":[{"href":"https:\/\/neqcert.com\/nb\/wp-json\/wp\/v2\/pages\/14","targetHints":{"allow":["GET"]}}],"collection":[{"href":"https:\/\/neqcert.com\/nb\/wp-json\/wp\/v2\/pages"}],"about":[{"href":"https:\/\/neqcert.com\/nb\/wp-json\/wp\/v2\/types\/page"}],"author":[{"embeddable":true,"href":"https:\/\/neqcert.com\/nb\/wp-json\/wp\/v2\/users\/1"}],"replies":[{"embeddable":true,"href":"https:\/\/neqcert.com\/nb\/wp-json\/wp\/v2\/comments?post=14"}],"version-history":[{"count":6,"href":"https:\/\/neqcert.com\/nb\/wp-json\/wp\/v2\/pages\/14\/revisions"}],"predecessor-version":[{"id":234,"href":"https:\/\/neqcert.com\/nb\/wp-json\/wp\/v2\/pages\/14\/revisions\/234"}],"wp:attachment":[{"href":"https:\/\/neqcert.com\/nb\/wp-json\/wp\/v2\/media?parent=14"}],"curies":[{"name":"wp","href":"https:\/\/api.w.org\/{rel}","templated":true}]}}